{"id":11,"date":"2026-04-24T00:29:52","date_gmt":"2026-04-23T22:29:52","guid":{"rendered":"https:\/\/finanzasmirador.wordpress.com\/?page_id=10"},"modified":"2026-04-24T00:29:52","modified_gmt":"2026-04-23T22:29:52","slug":"inicio","status":"publish","type":"page","link":"https:\/\/miradorfinanciero.com\/blog\/inicio\/","title":{"rendered":"Inicio"},"content":{"rendered":"\n<h2 class=\"wp-block-heading\"><strong>Mirador Financiero<\/strong><\/h2>\n\n\n\n<p>Las decisiones financieras que tomas hoy definen el margen de maniobra que tendr\u00e1s ma\u00f1ana. No hace falta ser economista para tomar buenas decisiones. Lo que s\u00ed hace falta es tener la informaci\u00f3n correcta, explicada sin rodeos.<\/p>\n\n\n\n<p>Mirador Financiero es una publicaci\u00f3n independiente de finanzas personales para quienes quieren entender qu\u00e9 hacen con su dinero y por qu\u00e9. Sin productos que vender, sin patrocinadores que contentar.<\/p>\n\n\n\n<p>Aqu\u00ed encontrar\u00e1s an\u00e1lisis, criterio y perspectiva pr\u00e1ctica sobre ahorro, inversi\u00f3n, fiscalidad y planificaci\u00f3n financiera personal.<\/p>\n","protected":false},"excerpt":{"rendered":"<p>Mirador Financiero Las decisiones financieras que tomas hoy definen el margen de maniobra que tendr\u00e1s ma\u00f1ana. No hace falta ser economista para tomar buenas decisiones. Lo que s\u00ed hace falta es tener la informaci\u00f3n correcta, explicada sin rodeos. Mirador Financiero es una publicaci\u00f3n independiente de finanzas personales para quienes quieren entender qu\u00e9 hacen con su &#8230; <a title=\"Inicio\" class=\"read-more\" href=\"https:\/\/miradorfinanciero.com\/blog\/inicio\/\" aria-label=\"Leer m\u00e1s sobre Inicio\">Leer m\u00e1s<\/a><\/p>\n","protected":false},"author":1,"featured_media":0,"parent":0,"menu_order":0,"comment_status":"closed","ping_status":"closed","template":"","meta":{"footnotes":""},"class_list":["post-11","page","type-page","status-publish"],"_links":{"self":[{"href":"https:\/\/miradorfinanciero.com\/blog\/wp-json\/wp\/v2\/pages\/11","targetHints":{"allow":["GET"]}}],"collection":[{"href":"https:\/\/miradorfinanciero.com\/blog\/wp-json\/wp\/v2\/pages"}],"about":[{"href":"https:\/\/miradorfinanciero.com\/blog\/wp-json\/wp\/v2\/types\/page"}],"author":[{"embeddable":true,"href":"https:\/\/miradorfinanciero.com\/blog\/wp-json\/wp\/v2\/users\/1"}],"replies":[{"embeddable":true,"href":"https:\/\/miradorfinanciero.com\/blog\/wp-json\/wp\/v2\/comments?post=11"}],"version-history":[{"count":0,"href":"https:\/\/miradorfinanciero.com\/blog\/wp-json\/wp\/v2\/pages\/11\/revisions"}],"wp:attachment":[{"href":"https:\/\/miradorfinanciero.com\/blog\/wp-json\/wp\/v2\/media?parent=11"}],"curies":[{"name":"wp","href":"https:\/\/api.w.org\/{rel}","templated":true}]}}