{"id":42,"date":"2026-04-24T00:49:15","date_gmt":"2026-04-23T22:49:15","guid":{"rendered":"https:\/\/finanzasmirador.wordpress.com\/?page_id=42"},"modified":"2026-04-24T00:49:15","modified_gmt":"2026-04-23T22:49:15","slug":"aviso-legal-y-politica-de-privacidad","status":"publish","type":"page","link":"https:\/\/miradorfinanciero.com\/blog\/aviso-legal-y-politica-de-privacidad\/","title":{"rendered":"Aviso legal y pol\u00edtica de privacidad"},"content":{"rendered":"\n<h2 class=\"wp-block-heading\"><strong>Aviso legal<\/strong><\/h2>\n\n\n\n<p>El titular de este sitio web es Mirador Financiero, publicaci\u00f3n independiente de contenidos sobre finanzas personales.<\/p>\n\n\n\n<p>Los contenidos publicados tienen car\u00e1cter exclusivamente informativo y educativo. No constituyen asesoramiento financiero, fiscal, legal ni de inversi\u00f3n. Mirador Financiero no es una entidad regulada por la CNMV ni por ning\u00fan otro organismo supervisor financiero.<\/p>\n\n\n\n<p>Las decisiones de inversi\u00f3n o financieras que el lector adopte son de su exclusiva responsabilidad. Se recomienda consultar con un profesional cualificado antes de tomar decisiones con impacto econ\u00f3mico significativo.<\/p>\n\n\n\n<h2 class=\"wp-block-heading\"><strong>Propiedad intelectual<\/strong><\/h2>\n\n\n\n<p>Los textos, an\u00e1lisis y contenidos publicados en este sitio son propiedad de Mirador Financiero. Queda prohibida su reproducci\u00f3n total o parcial sin autorizaci\u00f3n expresa, salvo cita con atribuci\u00f3n y enlace a la fuente original.<\/p>\n\n\n\n<h2 class=\"wp-block-heading\"><strong>Pol\u00edtica de privacidad<\/strong><\/h2>\n\n\n\n<p>Este sitio no recopila datos personales de sus visitantes m\u00e1s all\u00e1 de los que blog.miradorfinanciero.com\/ gestiona de forma t\u00e9cnica para el funcionamiento de la plataforma. No hay formularios de registro, no se ceden datos a terceros y no se realizan comunicaciones comerciales.<\/p>\n\n\n\n<p>Para cualquier consulta relacionada con la privacidad, puede contactar a trav\u00e9s de <a href=\"https:\/\/www.linkedin.com\/company\/mirador-financiero\/\" rel=\"nofollow noopener\" target=\"_blank\">LinkedIn<\/a>.<\/p>\n","protected":false},"excerpt":{"rendered":"<p>Aviso legal El titular de este sitio web es Mirador Financiero, publicaci\u00f3n independiente de contenidos sobre finanzas personales. Los contenidos publicados tienen car\u00e1cter exclusivamente informativo y educativo. No constituyen asesoramiento financiero, fiscal, legal ni de inversi\u00f3n. Mirador Financiero no es una entidad regulada por la CNMV ni por ning\u00fan otro organismo supervisor financiero. Las decisiones &#8230; <a title=\"Aviso legal y pol\u00edtica de privacidad\" class=\"read-more\" href=\"https:\/\/miradorfinanciero.com\/blog\/aviso-legal-y-politica-de-privacidad\/\" aria-label=\"Leer m\u00e1s sobre Aviso legal y pol\u00edtica de privacidad\">Leer m\u00e1s<\/a><\/p>\n","protected":false},"author":1,"featured_media":0,"parent":0,"menu_order":0,"comment_status":"closed","ping_status":"closed","template":"","meta":{"footnotes":""},"class_list":["post-42","page","type-page","status-publish"],"_links":{"self":[{"href":"https:\/\/miradorfinanciero.com\/blog\/wp-json\/wp\/v2\/pages\/42","targetHints":{"allow":["GET"]}}],"collection":[{"href":"https:\/\/miradorfinanciero.com\/blog\/wp-json\/wp\/v2\/pages"}],"about":[{"href":"https:\/\/miradorfinanciero.com\/blog\/wp-json\/wp\/v2\/types\/page"}],"author":[{"embeddable":true,"href":"https:\/\/miradorfinanciero.com\/blog\/wp-json\/wp\/v2\/users\/1"}],"replies":[{"embeddable":true,"href":"https:\/\/miradorfinanciero.com\/blog\/wp-json\/wp\/v2\/comments?post=42"}],"version-history":[{"count":0,"href":"https:\/\/miradorfinanciero.com\/blog\/wp-json\/wp\/v2\/pages\/42\/revisions"}],"wp:attachment":[{"href":"https:\/\/miradorfinanciero.com\/blog\/wp-json\/wp\/v2\/media?parent=42"}],"curies":[{"name":"wp","href":"https:\/\/api.w.org\/{rel}","templated":true}]}}